{"id":1451,"date":"2025-04-29T22:29:08","date_gmt":"2025-04-30T03:29:08","guid":{"rendered":"https:\/\/ramiroaguilarvillamarin.com\/?page_id=1451"},"modified":"2025-04-29T22:29:11","modified_gmt":"2025-04-30T03:29:11","slug":"oim-2021-2023","status":"publish","type":"page","link":"https:\/\/ramiroaguilarvillamarin.com\/en\/video\/oim-2021-2023\/","title":{"rendered":"IOM &#8211; UN Migration (2021-2023)"},"content":{"rendered":"\n<div class=\"wp-block-group alignwide\"><div class=\"wp-block-group__inner-container is-layout-flow wp-block-group-is-layout-flow\">\t\t<div class=\"wpsisac-slick-carousal-wrp wpsisac-clearfix alignwide\" data-conf=\"{&quot;slidestoshow&quot;:2,&quot;slidestoscroll&quot;:1,&quot;dots&quot;:&quot;false&quot;,&quot;arrows&quot;:&quot;true&quot;,&quot;autoplay&quot;:&quot;true&quot;,&quot;autoplay_interval&quot;:5100,&quot;speed&quot;:900,&quot;rtl&quot;:&quot;false&quot;,&quot;centermode&quot;:&quot;true&quot;,&quot;lazyload&quot;:&quot;ondemand&quot;,&quot;variablewidth&quot;:&quot;true&quot;,&quot;loop&quot;:&quot;false&quot;,&quot;hover_pause&quot;:&quot;true&quot;}\">\r\t\t\t<div id=\"wpsisac-slick-carousal-1\" class=\"wpsisac-slick-init wpsisac-slick-carousal design-1 wpsisac-image-fit wpsisac-center variablewidthv\">\r\r\t\t\t\t<div class=\"wpsisac-image-slide\">\r\t\t\t<div class=\"wpsisac-image-slide-wrap\" style=\"height:683px;\">\r\t\t\t<img decoding=\"async\" data-lazy=\"https:\/\/ramiroaguilarvillamarin.com\/wp-content\/uploads\/2025\/04\/migrants-humanitarian-01-1024x683.jpg\" src=\"https:\/\/ramiroaguilarvillamarin.com\/wp-content\/plugins\/wp-slick-slider-and-image-carousel\/assets\/images\/spacer.gif\" alt=\"iom-un-migration-01\" \/>\r\t\t<\/div>\r\t<\/div><div class=\"wpsisac-image-slide\">\r\t\t\t<div class=\"wpsisac-image-slide-wrap\" style=\"height:683px;\">\r\t\t\t<img decoding=\"async\" data-lazy=\"https:\/\/ramiroaguilarvillamarin.com\/wp-content\/uploads\/2025\/04\/migrants-humanitarian-02-683x1024.jpg\" src=\"https:\/\/ramiroaguilarvillamarin.com\/wp-content\/plugins\/wp-slick-slider-and-image-carousel\/assets\/images\/spacer.gif\" alt=\"iom-un-migration-02\" \/>\r\t\t<\/div>\r\t<\/div><div class=\"wpsisac-image-slide\">\r\t\t\t<div class=\"wpsisac-image-slide-wrap\" style=\"height:683px;\">\r\t\t\t<img decoding=\"async\" data-lazy=\"https:\/\/ramiroaguilarvillamarin.com\/wp-content\/uploads\/2025\/04\/migrants-humanitarian-03-1024x683.jpg\" src=\"https:\/\/ramiroaguilarvillamarin.com\/wp-content\/plugins\/wp-slick-slider-and-image-carousel\/assets\/images\/spacer.gif\" alt=\"iom-un-migration-03\" \/>\r\t\t<\/div>\r\t<\/div><div class=\"wpsisac-image-slide\">\r\t\t\t<div class=\"wpsisac-image-slide-wrap\" style=\"height:683px;\">\r\t\t\t<img decoding=\"async\" data-lazy=\"https:\/\/ramiroaguilarvillamarin.com\/wp-content\/uploads\/2025\/04\/migrants-humanitarian-04-1024x683.jpg\" src=\"https:\/\/ramiroaguilarvillamarin.com\/wp-content\/plugins\/wp-slick-slider-and-image-carousel\/assets\/images\/spacer.gif\" alt=\"iom-un-migration-04\" \/>\r\t\t<\/div>\r\t<\/div><div class=\"wpsisac-image-slide\">\r\t\t\t<div class=\"wpsisac-image-slide-wrap\" style=\"height:683px;\">\r\t\t\t<img decoding=\"async\" data-lazy=\"https:\/\/ramiroaguilarvillamarin.com\/wp-content\/uploads\/2025\/04\/migrants-humanitarian-05-1024x683.jpg\" src=\"https:\/\/ramiroaguilarvillamarin.com\/wp-content\/plugins\/wp-slick-slider-and-image-carousel\/assets\/images\/spacer.gif\" alt=\"iom-un-migration-05\" \/>\r\t\t<\/div>\r\t<\/div><div class=\"wpsisac-image-slide\">\r\t\t\t<div class=\"wpsisac-image-slide-wrap\" style=\"height:683px;\">\r\t\t\t<img decoding=\"async\" data-lazy=\"https:\/\/ramiroaguilarvillamarin.com\/wp-content\/uploads\/2025\/04\/migrants-humanitarian-06-1024x683.jpg\" src=\"https:\/\/ramiroaguilarvillamarin.com\/wp-content\/plugins\/wp-slick-slider-and-image-carousel\/assets\/images\/spacer.gif\" alt=\"iom-un-migration-06\" \/>\r\t\t<\/div>\r\t<\/div><div class=\"wpsisac-image-slide\">\r\t\t\t<div class=\"wpsisac-image-slide-wrap\" style=\"height:683px;\">\r\t\t\t<img decoding=\"async\" data-lazy=\"https:\/\/ramiroaguilarvillamarin.com\/wp-content\/uploads\/2025\/04\/migrants-humanitarian-07-1024x683.jpg\" src=\"https:\/\/ramiroaguilarvillamarin.com\/wp-content\/plugins\/wp-slick-slider-and-image-carousel\/assets\/images\/spacer.gif\" alt=\"iom-un-migration-07\" \/>\r\t\t<\/div>\r\t<\/div><div class=\"wpsisac-image-slide\">\r\t\t\t<div class=\"wpsisac-image-slide-wrap\" style=\"height:683px;\">\r\t\t\t<img decoding=\"async\" data-lazy=\"https:\/\/ramiroaguilarvillamarin.com\/wp-content\/uploads\/2025\/04\/migrants-humanitarian-08-1024x683.jpg\" src=\"https:\/\/ramiroaguilarvillamarin.com\/wp-content\/plugins\/wp-slick-slider-and-image-carousel\/assets\/images\/spacer.gif\" alt=\"iom-un-migration-08\" \/>\r\t\t<\/div>\r\t<\/div><div class=\"wpsisac-image-slide\">\r\t\t\t<div class=\"wpsisac-image-slide-wrap\" style=\"height:683px;\">\r\t\t\t<img decoding=\"async\" data-lazy=\"https:\/\/ramiroaguilarvillamarin.com\/wp-content\/uploads\/2025\/04\/migrants-humanitarian-09-1024x683.jpg\" src=\"https:\/\/ramiroaguilarvillamarin.com\/wp-content\/plugins\/wp-slick-slider-and-image-carousel\/assets\/images\/spacer.gif\" alt=\"iom-un-migration-09\" \/>\r\t\t<\/div>\r\t<\/div><div class=\"wpsisac-image-slide\">\r\t\t\t<div class=\"wpsisac-image-slide-wrap\" style=\"height:683px;\">\r\t\t\t<img decoding=\"async\" data-lazy=\"https:\/\/ramiroaguilarvillamarin.com\/wp-content\/uploads\/2025\/04\/migrants-humanitarian-10-1024x683.jpg\" src=\"https:\/\/ramiroaguilarvillamarin.com\/wp-content\/plugins\/wp-slick-slider-and-image-carousel\/assets\/images\/spacer.gif\" alt=\"iom-un-migration-10\" \/>\r\t\t<\/div>\r\t<\/div><div class=\"wpsisac-image-slide\">\r\t\t\t<div class=\"wpsisac-image-slide-wrap\" style=\"height:683px;\">\r\t\t\t<img decoding=\"async\" data-lazy=\"https:\/\/ramiroaguilarvillamarin.com\/wp-content\/uploads\/2025\/04\/migrants-humanitarian-11-1024x683.jpg\" src=\"https:\/\/ramiroaguilarvillamarin.com\/wp-content\/plugins\/wp-slick-slider-and-image-carousel\/assets\/images\/spacer.gif\" alt=\"iom-un-migration-11\" \/>\r\t\t<\/div>\r\t<\/div><div class=\"wpsisac-image-slide\">\r\t\t\t<div class=\"wpsisac-image-slide-wrap\" style=\"height:683px;\">\r\t\t\t<img decoding=\"async\" data-lazy=\"https:\/\/ramiroaguilarvillamarin.com\/wp-content\/uploads\/2025\/04\/migrants-humanitarian-12-1024x683.jpg\" src=\"https:\/\/ramiroaguilarvillamarin.com\/wp-content\/plugins\/wp-slick-slider-and-image-carousel\/assets\/images\/spacer.gif\" alt=\"iom-un-migration-12\" \/>\r\t\t<\/div>\r\t<\/div><div class=\"wpsisac-image-slide\">\r\t\t\t<div class=\"wpsisac-image-slide-wrap\" style=\"height:683px;\">\r\t\t\t<img decoding=\"async\" data-lazy=\"https:\/\/ramiroaguilarvillamarin.com\/wp-content\/uploads\/2025\/04\/migrants-humanitarian-13-1024x683.jpg\" src=\"https:\/\/ramiroaguilarvillamarin.com\/wp-content\/plugins\/wp-slick-slider-and-image-carousel\/assets\/images\/spacer.gif\" alt=\"iom-un-migration-13\" \/>\r\t\t<\/div>\r\t<\/div><div class=\"wpsisac-image-slide\">\r\t\t\t<div class=\"wpsisac-image-slide-wrap\" style=\"height:683px;\">\r\t\t\t<img decoding=\"async\" data-lazy=\"https:\/\/ramiroaguilarvillamarin.com\/wp-content\/uploads\/2025\/04\/migrants-humanitarian-14-1024x683.jpg\" src=\"https:\/\/ramiroaguilarvillamarin.com\/wp-content\/plugins\/wp-slick-slider-and-image-carousel\/assets\/images\/spacer.gif\" alt=\"iom-un-migration-14\" \/>\r\t\t<\/div>\r\t<\/div><div class=\"wpsisac-image-slide\">\r\t\t\t<div class=\"wpsisac-image-slide-wrap\" style=\"height:683px;\">\r\t\t\t<img decoding=\"async\" data-lazy=\"https:\/\/ramiroaguilarvillamarin.com\/wp-content\/uploads\/2025\/04\/migrants-humanitarian-15-683x1024.jpg\" src=\"https:\/\/ramiroaguilarvillamarin.com\/wp-content\/plugins\/wp-slick-slider-and-image-carousel\/assets\/images\/spacer.gif\" alt=\"iom-un-migration-15\" \/>\r\t\t<\/div>\r\t<\/div><div class=\"wpsisac-image-slide\">\r\t\t\t<div class=\"wpsisac-image-slide-wrap\" style=\"height:683px;\">\r\t\t\t<img decoding=\"async\" data-lazy=\"https:\/\/ramiroaguilarvillamarin.com\/wp-content\/uploads\/2025\/04\/migrants-humanitarian-16-1024x683.jpg\" src=\"https:\/\/ramiroaguilarvillamarin.com\/wp-content\/plugins\/wp-slick-slider-and-image-carousel\/assets\/images\/spacer.gif\" alt=\"iom-un-migration-16\" \/>\r\t\t<\/div>\r\t<\/div><div class=\"wpsisac-image-slide\">\r\t\t\t<div class=\"wpsisac-image-slide-wrap\" style=\"height:683px;\">\r\t\t\t<img decoding=\"async\" data-lazy=\"https:\/\/ramiroaguilarvillamarin.com\/wp-content\/uploads\/2025\/04\/migrants-humanitarian-17-1024x683.jpg\" src=\"https:\/\/ramiroaguilarvillamarin.com\/wp-content\/plugins\/wp-slick-slider-and-image-carousel\/assets\/images\/spacer.gif\" alt=\"iom-un-migration-17\" \/>\r\t\t<\/div>\r\t<\/div>\r\t\t\t<\/div>\r\t\t<\/div>\r\t<\/div><\/div>\n\n\n\n<p class=\"\">From 2021 to 2025 I&#8217;ve been part of the International Organization for for Migration (IOM) &#8211; UN Migration. The first two years I was part of the Communications team at the country office in Ecuador, taking care of all the audiovisual production of the mission at a national level. During those years I specialized in producing life stories of migrant people in Ecuador.<\/p>\n\n\n\n<p class=\"\">In 2023, I was promoted and I became part of the Audiovisual Team at IOM Headquarters in Geneva, Switzerland. I worked remotely from Ecuador as Multimedia Editor, producing videos for the global social media accounts of the organization, as well for events and internal communications. During these years I&#8217;ve had the chance to provide in-person support at COP28 (Dubai &#8211; UAE)  and at COP29 (Baku &#8211; Azerbaijan) producing on-site photography and video. I also had a temporal assignment at HQ in Geneva, and I provided audiovisual training in Nairobi, Kenya to communications colleagues from 10 different national offices from the East and Horn of Africa region.<\/p>\n\n\n\n<figure class=\"wp-embed-aspect-16-9 wp-has-aspect-ratio wp-block-embed is-type-video is-provider-youtube wp-block-embed-youtube\"><div class=\"wp-block-embed__wrapper\">\n<iframe loading=\"lazy\" title=\"International Migrants Day 2024 - Regular Pathways\" width=\"920\" height=\"518\" src=\"https:\/\/www.youtube.com\/embed\/34ig_mBq9E0?feature=oembed\" frameborder=\"0\" allow=\"accelerometer; autoplay; clipboard-write; encrypted-media; gyroscope; picture-in-picture; web-share\" referrerpolicy=\"strict-origin-when-cross-origin\" allowfullscreen><\/iframe>\n<\/div><\/figure>\n\n\n<blockquote class=\"instagram-media\" style=\"background: #FFF; border: 0; border-radius: 3px; box-shadow: 0 0 1px 0 rgba(0,0,0,0.5),0 1px 10px 0 rgba(0,0,0,0.15); margin: 1px; max-width: 540px; min-width: 326px; padding: 0; width: calc(100% - 2px);\" data-instgrm-permalink=\"https:\/\/www.instagram.com\/reel\/DCUDs5ztlD2\/?utm_source=ig_embed&#038;utm_campaign=loading\" data-instgrm-version=\"14\" data-darkreader-inline-bgcolor=\"\" data-darkreader-inline-bgimage=\"\" data-darkreader-inline-border-top=\"\" data-darkreader-inline-border-right=\"\" data-darkreader-inline-border-bottom=\"\" data-darkreader-inline-border-left=\"\" data-darkreader-inline-boxshadow=\"\">\n<div style=\"padding: 16px;\">\n<div style=\"display: flex; flex-direction: row; align-items: center;\">\n<div style=\"background-color: #f4f4f4; border-radius: 50%; flex-grow: 0; height: 40px; margin-right: 14px; width: 40px;\" data-darkreader-inline-bgcolor=\"\">\u00a0<\/div>\n<div style=\"display: flex; flex-direction: column; flex-grow: 1; justify-content: center;\">\n<div style=\"background-color: #f4f4f4; border-radius: 4px; flex-grow: 0; height: 14px; margin-bottom: 6px; width: 100px;\" data-darkreader-inline-bgcolor=\"\">\u00a0<\/div>\n<div style=\"background-color: #f4f4f4; border-radius: 4px; flex-grow: 0; height: 14px; width: 60px;\" data-darkreader-inline-bgcolor=\"\">\u00a0<\/div>\n<\/div>\n<\/div>\n<div style=\"padding: 19% 0px;\">\u00a0<\/div>\n<div style=\"display: block; height: 50px; margin: 0px auto 12px; width: 50px;\">\u00a0<\/div>\n<div style=\"padding-top: 8px;\">\n<div style=\"color: #3897f0; font-family: Arial,sans-serif; font-size: 14px; font-style: normal; font-weight: 550; line-height: 18px;\" data-darkreader-inline-color=\"\">View this post on Instagram<\/div>\n<\/div>\n<div style=\"padding: 12.5% 0px;\">\u00a0<\/div>\n<div style=\"display: flex; flex-direction: row; margin-bottom: 14px; align-items: center;\">\n<div>\n<div style=\"background-color: #f4f4f4; border-radius: 50%; height: 12.5px; width: 12.5px; transform: translateX(0px) translateY(7px);\" data-darkreader-inline-bgcolor=\"\">\u00a0<\/div>\n<div style=\"background-color: #f4f4f4; height: 12.5px; transform: rotate(-45deg) translateX(3px) translateY(1px); width: 12.5px; flex-grow: 0; margin-right: 14px; margin-left: 2px;\" data-darkreader-inline-bgcolor=\"\">\u00a0<\/div>\n<div style=\"background-color: #f4f4f4; border-radius: 50%; height: 12.5px; width: 12.5px; transform: translateX(9px) translateY(-18px);\" data-darkreader-inline-bgcolor=\"\">\u00a0<\/div>\n<\/div>\n<div style=\"margin-left: 8px;\">\n<div style=\"background-color: #f4f4f4; border-radius: 50%; flex-grow: 0; height: 20px; width: 20px;\" data-darkreader-inline-bgcolor=\"\">\u00a0<\/div>\n<div style=\"width: 0; height: 0; border-top: 2px solid transparent; border-left: 6px solid #f4f4f4; border-bottom: 2px solid transparent; transform: translateX(16px) translateY(-4px) rotate(30deg);\" data-darkreader-inline-border-top=\"\" data-darkreader-inline-border-left=\"\" data-darkreader-inline-border-bottom=\"\">\u00a0<\/div>\n<\/div>\n<div style=\"margin-left: auto;\">\n<div style=\"width: 0px; border-top: 8px solid #F4F4F4; border-right: 8px solid transparent; transform: translateY(16px);\" data-darkreader-inline-border-top=\"\" data-darkreader-inline-border-right=\"\">\u00a0<\/div>\n<div style=\"background-color: #f4f4f4; flex-grow: 0; height: 12px; width: 16px; transform: translateY(-4px);\" data-darkreader-inline-bgcolor=\"\">\u00a0<\/div>\n<div style=\"width: 0; height: 0; border-top: 8px solid #F4F4F4; border-left: 8px solid transparent; transform: translateY(-4px) translateX(8px);\" data-darkreader-inline-border-top=\"\" data-darkreader-inline-border-left=\"\">\u00a0<\/div>\n<\/div>\n<\/div>\n<div style=\"display: flex; flex-direction: column; flex-grow: 1; justify-content: center; margin-bottom: 24px;\">\n<div style=\"background-color: #f4f4f4; border-radius: 4px; flex-grow: 0; height: 14px; margin-bottom: 6px; width: 224px;\" data-darkreader-inline-bgcolor=\"\">\u00a0<\/div>\n<div style=\"background-color: #f4f4f4; border-radius: 4px; flex-grow: 0; height: 14px; width: 144px;\" data-darkreader-inline-bgcolor=\"\">\u00a0<\/div>\n<\/div>\n<p style=\"color: #c9c8cd; font-family: Arial,sans-serif; font-size: 14px; line-height: 17px; margin-bottom: 0; margin-top: 8px; overflow: hidden; padding: 8px 0 7px; text-align: center; text-overflow: ellipsis; white-space: nowrap;\" data-darkreader-inline-color=\"\"><a style=\"color: #c9c8cd; font-family: Arial,sans-serif; font-size: 14px; font-style: normal; font-weight: normal; line-height: 17px; text-decoration: none;\" href=\"https:\/\/www.instagram.com\/reel\/DCUDs5ztlD2\/?utm_source=ig_embed&#038;utm_campaign=loading\" target=\"_blank\" rel=\"noopener\" data-darkreader-inline-color=\"\">A post shared by IOM &#8211; UN Migration (@unmigration)<\/a><\/p>\n<\/div>\n<\/blockquote>\n<p><script async src=\"\/\/www.instagram.com\/embed.js\"><\/script><\/p>\n<blockquote class=\"instagram-media\" style=\"background: #FFF; border: 0; border-radius: 3px; box-shadow: 0 0 1px 0 rgba(0,0,0,0.5),0 1px 10px 0 rgba(0,0,0,0.15); margin: 1px; max-width: 540px; min-width: 326px; padding: 0; width: calc(100% - 2px);\" data-instgrm-captioned=\"\" data-instgrm-permalink=\"https:\/\/www.instagram.com\/reel\/DAlpWGCJJsJ\/?utm_source=ig_embed&#038;utm_campaign=loading\" data-instgrm-version=\"14\" data-darkreader-inline-bgcolor=\"\" data-darkreader-inline-bgimage=\"\" data-darkreader-inline-border-top=\"\" data-darkreader-inline-border-right=\"\" data-darkreader-inline-border-bottom=\"\" data-darkreader-inline-border-left=\"\" data-darkreader-inline-boxshadow=\"\">\n<div style=\"padding: 16px;\">\n<div style=\"display: flex; flex-direction: row; align-items: center;\">\n<div style=\"background-color: #f4f4f4; border-radius: 50%; flex-grow: 0; height: 40px; margin-right: 14px; width: 40px;\" data-darkreader-inline-bgcolor=\"\">\u00a0<\/div>\n<div style=\"display: flex; flex-direction: column; flex-grow: 1; justify-content: center;\">\n<div style=\"background-color: #f4f4f4; border-radius: 4px; flex-grow: 0; height: 14px; margin-bottom: 6px; width: 100px;\" data-darkreader-inline-bgcolor=\"\">\u00a0<\/div>\n<div style=\"background-color: #f4f4f4; border-radius: 4px; flex-grow: 0; height: 14px; width: 60px;\" data-darkreader-inline-bgcolor=\"\">\u00a0<\/div>\n<\/div>\n<\/div>\n<div style=\"padding: 19% 0;\">\u00a0<\/div>\n<div style=\"display: block; height: 50px; margin: 0 auto 12px; width: 50px;\">\u00a0<\/div>\n<div style=\"padding-top: 8px;\">\n<div style=\"color: #3897f0; font-family: Arial,sans-serif; font-size: 14px; font-style: normal; font-weight: 550; line-height: 18px;\" data-darkreader-inline-color=\"\">View this post on Instagram<\/div>\n<\/div>\n<div style=\"padding: 12.5% 0;\">\u00a0<\/div>\n<div style=\"display: flex; flex-direction: row; margin-bottom: 14px; align-items: center;\">\n<div>\n<div style=\"background-color: #f4f4f4; border-radius: 50%; height: 12.5px; width: 12.5px; transform: translateX(0px) translateY(7px);\" data-darkreader-inline-bgcolor=\"\">\u00a0<\/div>\n<div style=\"background-color: #f4f4f4; height: 12.5px; transform: rotate(-45deg) translateX(3px) translateY(1px); width: 12.5px; flex-grow: 0; margin-right: 14px; margin-left: 2px;\" data-darkreader-inline-bgcolor=\"\">\u00a0<\/div>\n<div style=\"background-color: #f4f4f4; border-radius: 50%; height: 12.5px; width: 12.5px; transform: translateX(9px) translateY(-18px);\" data-darkreader-inline-bgcolor=\"\">\u00a0<\/div>\n<\/div>\n<div style=\"margin-left: 8px;\">\n<div style=\"background-color: #f4f4f4; border-radius: 50%; flex-grow: 0; height: 20px; width: 20px;\" data-darkreader-inline-bgcolor=\"\">\u00a0<\/div>\n<div style=\"width: 0; height: 0; border-top: 2px solid transparent; border-left: 6px solid #f4f4f4; border-bottom: 2px solid transparent; transform: translateX(16px) translateY(-4px) rotate(30deg);\" data-darkreader-inline-border-top=\"\" data-darkreader-inline-border-left=\"\" data-darkreader-inline-border-bottom=\"\">\u00a0<\/div>\n<\/div>\n<div style=\"margin-left: auto;\">\n<div style=\"width: 0px; border-top: 8px solid #F4F4F4; border-right: 8px solid transparent; transform: translateY(16px);\" data-darkreader-inline-border-top=\"\" data-darkreader-inline-border-right=\"\">\u00a0<\/div>\n<div style=\"background-color: #f4f4f4; flex-grow: 0; height: 12px; width: 16px; transform: translateY(-4px);\" data-darkreader-inline-bgcolor=\"\">\u00a0<\/div>\n<div style=\"width: 0; height: 0; border-top: 8px solid #F4F4F4; border-left: 8px solid transparent; transform: translateY(-4px) translateX(8px);\" data-darkreader-inline-border-top=\"\" data-darkreader-inline-border-left=\"\">\u00a0<\/div>\n<\/div>\n<\/div>\n<div style=\"display: flex; flex-direction: column; flex-grow: 1; justify-content: center; margin-bottom: 24px;\">\n<div style=\"background-color: #f4f4f4; border-radius: 4px; flex-grow: 0; height: 14px; margin-bottom: 6px; width: 224px;\" data-darkreader-inline-bgcolor=\"\">\u00a0<\/div>\n<div style=\"background-color: #f4f4f4; border-radius: 4px; flex-grow: 0; height: 14px; width: 144px;\" data-darkreader-inline-bgcolor=\"\">\u00a0<\/div>\n<\/div>\n<p style=\"color: #c9c8cd; font-family: Arial,sans-serif; font-size: 14px; line-height: 17px; margin-bottom: 0; margin-top: 8px; overflow: hidden; padding: 8px 0 7px; text-align: center; text-overflow: ellipsis; white-space: nowrap;\" data-darkreader-inline-color=\"\"><a style=\"color: #c9c8cd; font-family: Arial,sans-serif; font-size: 14px; font-style: normal; font-weight: normal; line-height: 17px; text-decoration: none;\" href=\"https:\/\/www.instagram.com\/reel\/DAlpWGCJJsJ\/?utm_source=ig_embed&#038;utm_campaign=loading\" target=\"_blank\" rel=\"noopener\" data-darkreader-inline-color=\"\">A post shared by IOM &#8211; UN Migration (@unmigration)<\/a><\/p>\n<\/div>\n<\/blockquote>\n<p><script async src=\"\/\/www.instagram.com\/embed.js\"><\/script><\/p>\n<blockquote class=\"twitter-tweet\" data-media-max-width=\"560\">\n<p dir=\"ltr\" lang=\"en\">We need to continue to take bold <a href=\"https:\/\/twitter.com\/hashtag\/ClimateAction?src=hash&#038;ref_src=twsrc%5Etfw\">#ClimateAction<\/a> beyond <a href=\"https:\/\/twitter.com\/hashtag\/COP28?src=hash&#038;ref_src=twsrc%5Etfw\">#COP28<\/a>!<\/p>\n<p>IOM reaffirms its commitment to scale up solutions for people on the move, to move, and to stay.<\/p>\n<p>Migration should be a choice, not a necessity.<a href=\"https:\/\/twitter.com\/hashtag\/ClimateMigration?src=hash&#038;ref_src=twsrc%5Etfw\">#ClimateMigration<\/a> <a href=\"https:\/\/twitter.com\/hashtag\/Act4Tomorrow?src=hash&#038;ref_src=twsrc%5Etfw\">#Act4Tomorrow<\/a> <a href=\"https:\/\/t.co\/qkB40n8xR7\">pic.twitter.com\/qkB40n8xR7<\/a><\/p>\n<p>\u2014 IOM &#8211; UN Migration \ud83c\uddfa\ud83c\uddf3 (@UNmigration) <a href=\"https:\/\/twitter.com\/UNmigration\/status\/1734157029281771782?ref_src=twsrc%5Etfw\">December 11, 2023<\/a><\/p>\n<\/blockquote>\n<p><script async src=\"https:\/\/platform.twitter.com\/widgets.js\" charset=\"utf-8\"><\/script><\/p>\n\n\n<figure class=\"wp-embed-aspect-16-9 wp-has-aspect-ratio wp-block-embed is-type-video is-provider-youtube wp-block-embed-youtube\"><div class=\"wp-block-embed__wrapper\">\n<iframe loading=\"lazy\" title=\"Historia de vida-Samuel\" width=\"920\" height=\"518\" src=\"https:\/\/www.youtube.com\/embed\/pMoXrWuRd-4?feature=oembed\" frameborder=\"0\" allow=\"accelerometer; autoplay; clipboard-write; encrypted-media; gyroscope; picture-in-picture; web-share\" referrerpolicy=\"strict-origin-when-cross-origin\" allowfullscreen><\/iframe>\n<\/div><\/figure>\n\n\n\n<figure class=\"wp-embed-aspect-16-9 wp-has-aspect-ratio wp-block-embed is-type-video is-provider-youtube wp-block-embed-youtube\"><div class=\"wp-block-embed__wrapper\">\n<iframe loading=\"lazy\" title=\"Regularizaci\u00f3n de ni\u00f1as, ni\u00f1os y adolescentes que ingresaron al pa\u00eds sin compa\u00f1\u00eda de un adulto.\" width=\"920\" height=\"518\" src=\"https:\/\/www.youtube.com\/embed\/TIyyq_qs_vU?feature=oembed\" frameborder=\"0\" allow=\"accelerometer; autoplay; clipboard-write; encrypted-media; gyroscope; picture-in-picture; web-share\" referrerpolicy=\"strict-origin-when-cross-origin\" allowfullscreen><\/iframe>\n<\/div><\/figure>\n\n\n\n<figure class=\"wp-embed-aspect-16-9 wp-has-aspect-ratio wp-block-embed is-type-video is-provider-youtube wp-block-embed-youtube\"><div class=\"wp-block-embed__wrapper\">\n<iframe loading=\"lazy\" title=\"Historia de vida: Alibeth\" width=\"920\" height=\"518\" src=\"https:\/\/www.youtube.com\/embed\/Mb5rmo8jO6M?feature=oembed\" frameborder=\"0\" allow=\"accelerometer; autoplay; clipboard-write; encrypted-media; gyroscope; picture-in-picture; web-share\" referrerpolicy=\"strict-origin-when-cross-origin\" allowfullscreen><\/iframe>\n<\/div><\/figure>\n\n\n\n<figure class=\"wp-embed-aspect-16-9 wp-has-aspect-ratio wp-block-embed is-type-video is-provider-youtube wp-block-embed-youtube\"><div class=\"wp-block-embed__wrapper\">\n<iframe loading=\"lazy\" title=\"El arte, su ra\u00edz y acogida: la historia de F\u00e9nix\" width=\"920\" height=\"518\" src=\"https:\/\/www.youtube.com\/embed\/dSh8Z6fgXlA?feature=oembed\" frameborder=\"0\" allow=\"accelerometer; autoplay; clipboard-write; encrypted-media; gyroscope; picture-in-picture; web-share\" referrerpolicy=\"strict-origin-when-cross-origin\" allowfullscreen><\/iframe>\n<\/div><\/figure>\n\n\n\n<figure class=\"wp-embed-aspect-16-9 wp-has-aspect-ratio wp-block-embed is-type-video is-provider-youtube wp-block-embed-youtube\"><div class=\"wp-block-embed__wrapper\">\n<iframe loading=\"lazy\" title=\"Historia de Johanna (Manta, Ecuador)\" width=\"920\" height=\"518\" src=\"https:\/\/www.youtube.com\/embed\/bObs1M4raOI?feature=oembed\" frameborder=\"0\" allow=\"accelerometer; autoplay; clipboard-write; encrypted-media; gyroscope; picture-in-picture; web-share\" referrerpolicy=\"strict-origin-when-cross-origin\" allowfullscreen><\/iframe>\n<\/div><\/figure>\n\n\n\n<figure class=\"wp-embed-aspect-16-9 wp-has-aspect-ratio wp-block-embed is-type-video is-provider-youtube wp-block-embed-youtube\"><div class=\"wp-block-embed__wrapper\">\n<iframe loading=\"lazy\" title=\"Video general OIM Ecuador 2023\" width=\"920\" height=\"518\" src=\"https:\/\/www.youtube.com\/embed\/KA8Y0QLsAEc?feature=oembed\" frameborder=\"0\" allow=\"accelerometer; autoplay; clipboard-write; encrypted-media; gyroscope; picture-in-picture; web-share\" referrerpolicy=\"strict-origin-when-cross-origin\" allowfullscreen><\/iframe>\n<\/div><\/figure>\n","protected":false},"excerpt":{"rendered":"<p>From 2021 to 2025 I&#8217;ve been part of the International Organization for for Migration (IOM) &#8211; UN Migration. The first two years I was part of the Communications team at<\/p>\n<p class=\"more-link\"><a href=\"https:\/\/ramiroaguilarvillamarin.com\/en\/video\/oim-2021-2023\/\" class=\"readmore\">Continue reading&#8230;<span class=\"screen-reader-text\">IOM &#8211; UN Migration (2021-2023)<\/span><\/a><\/p>\n","protected":false},"author":2,"featured_media":1476,"parent":268,"menu_order":0,"comment_status":"closed","ping_status":"closed","template":"","meta":{"nf_dc_page":"","_monsterinsights_skip_tracking":false,"_monsterinsights_sitenote_active":false,"_monsterinsights_sitenote_note":"","_monsterinsights_sitenote_category":0,"footnotes":""},"class_list":["post-1451","page","type-page","status-publish","has-post-thumbnail","hentry"],"_links":{"self":[{"href":"https:\/\/ramiroaguilarvillamarin.com\/en\/wp-json\/wp\/v2\/pages\/1451","targetHints":{"allow":["GET"]}}],"collection":[{"href":"https:\/\/ramiroaguilarvillamarin.com\/en\/wp-json\/wp\/v2\/pages"}],"about":[{"href":"https:\/\/ramiroaguilarvillamarin.com\/en\/wp-json\/wp\/v2\/types\/page"}],"author":[{"embeddable":true,"href":"https:\/\/ramiroaguilarvillamarin.com\/en\/wp-json\/wp\/v2\/users\/2"}],"replies":[{"embeddable":true,"href":"https:\/\/ramiroaguilarvillamarin.com\/en\/wp-json\/wp\/v2\/comments?post=1451"}],"version-history":[{"count":5,"href":"https:\/\/ramiroaguilarvillamarin.com\/en\/wp-json\/wp\/v2\/pages\/1451\/revisions"}],"predecessor-version":[{"id":1542,"href":"https:\/\/ramiroaguilarvillamarin.com\/en\/wp-json\/wp\/v2\/pages\/1451\/revisions\/1542"}],"up":[{"embeddable":true,"href":"https:\/\/ramiroaguilarvillamarin.com\/en\/wp-json\/wp\/v2\/pages\/268"}],"wp:featuredmedia":[{"embeddable":true,"href":"https:\/\/ramiroaguilarvillamarin.com\/en\/wp-json\/wp\/v2\/media\/1476"}],"wp:attachment":[{"href":"https:\/\/ramiroaguilarvillamarin.com\/en\/wp-json\/wp\/v2\/media?parent=1451"}],"curies":[{"name":"wp","href":"https:\/\/api.w.org\/{rel}","templated":true}]}}