{"id":300,"date":"2019-09-07T13:00:54","date_gmt":"2019-09-07T18:00:54","guid":{"rendered":"https:\/\/ramiroaguilarvillamarin.com\/?page_id=300"},"modified":"2025-04-28T20:21:24","modified_gmt":"2025-04-29T01:21:24","slug":"acnur-unhcr-ecuador","status":"publish","type":"page","link":"https:\/\/ramiroaguilarvillamarin.com\/en\/video\/acnur-unhcr-ecuador\/","title":{"rendered":"UNHCR Ecuador (2019-2021)"},"content":{"rendered":"\n<div class=\"wp-block-group alignwide\"><div class=\"wp-block-group__inner-container is-layout-flow wp-block-group-is-layout-flow\">\t\t<div class=\"wpsisac-slick-carousal-wrp wpsisac-clearfix alignwide\" data-conf=\"{&quot;slidestoshow&quot;:2,&quot;slidestoscroll&quot;:1,&quot;dots&quot;:&quot;false&quot;,&quot;arrows&quot;:&quot;true&quot;,&quot;autoplay&quot;:&quot;true&quot;,&quot;autoplay_interval&quot;:5100,&quot;speed&quot;:900,&quot;rtl&quot;:&quot;false&quot;,&quot;centermode&quot;:&quot;true&quot;,&quot;lazyload&quot;:&quot;ondemand&quot;,&quot;variablewidth&quot;:&quot;true&quot;,&quot;loop&quot;:&quot;false&quot;,&quot;hover_pause&quot;:&quot;true&quot;}\">\r\t\t\t<div id=\"wpsisac-slick-carousal-1\" class=\"wpsisac-slick-init wpsisac-slick-carousal design-1 wpsisac-image-fit wpsisac-center variablewidthv\">\r\r\t\t\t\t<div class=\"wpsisac-image-slide\">\r\t\t\t<div class=\"wpsisac-image-slide-wrap\" style=\"height:683px;\">\r\t\t\t<img decoding=\"async\" data-lazy=\"https:\/\/ramiroaguilarvillamarin.com\/wp-content\/uploads\/2021\/02\/unhcr_acnur_ecuador_01.jpg\" src=\"https:\/\/ramiroaguilarvillamarin.com\/wp-content\/plugins\/wp-slick-slider-and-image-carousel\/assets\/images\/spacer.gif\" alt=\"acnur-ecuador-01\" \/>\r\t\t<\/div>\r\t<\/div><div class=\"wpsisac-image-slide\">\r\t\t\t<div class=\"wpsisac-image-slide-wrap\" style=\"height:683px;\">\r\t\t\t<img decoding=\"async\" data-lazy=\"https:\/\/ramiroaguilarvillamarin.com\/wp-content\/uploads\/2021\/02\/unhcr_acnur_ecuador_02.png\" src=\"https:\/\/ramiroaguilarvillamarin.com\/wp-content\/plugins\/wp-slick-slider-and-image-carousel\/assets\/images\/spacer.gif\" alt=\"acnur-ecuador-02\" \/>\r\t\t<\/div>\r\t<\/div><div class=\"wpsisac-image-slide\">\r\t\t\t<div class=\"wpsisac-image-slide-wrap\" style=\"height:683px;\">\r\t\t\t<img decoding=\"async\" data-lazy=\"https:\/\/ramiroaguilarvillamarin.com\/wp-content\/uploads\/2021\/02\/unhcr_acnur_ecuador_03.jpg\" src=\"https:\/\/ramiroaguilarvillamarin.com\/wp-content\/plugins\/wp-slick-slider-and-image-carousel\/assets\/images\/spacer.gif\" alt=\"acnur-ecuador-03\" \/>\r\t\t<\/div>\r\t<\/div><div class=\"wpsisac-image-slide\">\r\t\t\t<div class=\"wpsisac-image-slide-wrap\" style=\"height:683px;\">\r\t\t\t<img decoding=\"async\" data-lazy=\"https:\/\/ramiroaguilarvillamarin.com\/wp-content\/uploads\/2021\/02\/unhcr_acnur_ecuador_04.jpg\" src=\"https:\/\/ramiroaguilarvillamarin.com\/wp-content\/plugins\/wp-slick-slider-and-image-carousel\/assets\/images\/spacer.gif\" alt=\"acnur-ecuador-04\" \/>\r\t\t<\/div>\r\t<\/div><div class=\"wpsisac-image-slide\">\r\t\t\t<div class=\"wpsisac-image-slide-wrap\" style=\"height:683px;\">\r\t\t\t<img decoding=\"async\" data-lazy=\"https:\/\/ramiroaguilarvillamarin.com\/wp-content\/uploads\/2021\/02\/unhcr_acnur_ecuador_05.jpg\" src=\"https:\/\/ramiroaguilarvillamarin.com\/wp-content\/plugins\/wp-slick-slider-and-image-carousel\/assets\/images\/spacer.gif\" alt=\"acnur-ecuador-05\" \/>\r\t\t<\/div>\r\t<\/div><div class=\"wpsisac-image-slide\">\r\t\t\t<div class=\"wpsisac-image-slide-wrap\" style=\"height:683px;\">\r\t\t\t<img decoding=\"async\" data-lazy=\"https:\/\/ramiroaguilarvillamarin.com\/wp-content\/uploads\/2021\/02\/unhcr_acnur_ecuador_06.jpg\" src=\"https:\/\/ramiroaguilarvillamarin.com\/wp-content\/plugins\/wp-slick-slider-and-image-carousel\/assets\/images\/spacer.gif\" alt=\"acnur-ecuador-06\" \/>\r\t\t<\/div>\r\t<\/div><div class=\"wpsisac-image-slide\">\r\t\t\t<div class=\"wpsisac-image-slide-wrap\" style=\"height:683px;\">\r\t\t\t<img decoding=\"async\" data-lazy=\"https:\/\/ramiroaguilarvillamarin.com\/wp-content\/uploads\/2021\/02\/unhcr_acnur_ecuador_07.jpg\" src=\"https:\/\/ramiroaguilarvillamarin.com\/wp-content\/plugins\/wp-slick-slider-and-image-carousel\/assets\/images\/spacer.gif\" alt=\"acnur-ecuador-07\" \/>\r\t\t<\/div>\r\t<\/div><div class=\"wpsisac-image-slide\">\r\t\t\t<div class=\"wpsisac-image-slide-wrap\" style=\"height:683px;\">\r\t\t\t<img decoding=\"async\" data-lazy=\"https:\/\/ramiroaguilarvillamarin.com\/wp-content\/uploads\/2021\/02\/unhcr_acnur_ecuador_08.png\" src=\"https:\/\/ramiroaguilarvillamarin.com\/wp-content\/plugins\/wp-slick-slider-and-image-carousel\/assets\/images\/spacer.gif\" alt=\"acnur-ecuador-08\" \/>\r\t\t<\/div>\r\t<\/div>\r\t\t\t<\/div>\r\t\t<\/div>\r\t<\/div><\/div>\n\n\n\n<p>Since 2019, I have worked as a videography consultant for the Ecuador office of the United Nations High Commissioner for Refugees (UNHCR). During these years I have filmed the activities, services, programs and projects that this organization executes at national level for the benefit of the refugee population and in situation of human mobility.<\/p>\n\n\n\n<p>In addition to filming, I have also provided video editing and photography services. Below are some examples of my work with UNHCR, also known as the UN Refugee Agency.<\/p>\n\n\n<blockquote class=\"twitter-tweet\" data-dnt=\"true\" data-theme=\"dark\">\n<p dir=\"ltr\" lang=\"es\">\u00bfSi tuvieras que huir de tu pa\u00eds, qu\u00e9 te llevar\u00edas?<br>Ropa, zapatos, tu mascota, fotos. \ud83d\udc15\ud83c\udf92\ud83d\udc5a<br>Venezolanos que se fueron de su pa\u00eds nos comparten lo que les hubiera gustado llevarse con ellos en su larga traves\u00eda. <a href=\"https:\/\/t.co\/vZddzarFCi\">pic.twitter.com\/vZddzarFCi<\/a><\/p>\n<p>\u2014 Acnur\/Unhcr Am\u00e9ricas (@ACNURamericas) <a href=\"https:\/\/twitter.com\/ACNURamericas\/status\/1166455732465799174?ref_src=twsrc%5Etfw\">August 27, 2019<\/a><\/p>\n<\/blockquote>\n<p> <script async=\"\" src=\"https:\/\/platform.twitter.com\/widgets.js\" charset=\"utf-8\"><\/script><\/p>\n\n\n<figure class=\"wp-block-embed is-type-video is-provider-youtube wp-block-embed-youtube wp-embed-aspect-16-9 wp-has-aspect-ratio\"><div class=\"wp-block-embed__wrapper\">\n<iframe loading=\"lazy\" title=\"Estudiante venezolana en Ecuador sobresale por sus logros\" width=\"920\" height=\"518\" src=\"https:\/\/www.youtube.com\/embed\/xaDrkskseco?feature=oembed\" frameborder=\"0\" allow=\"accelerometer; autoplay; clipboard-write; encrypted-media; gyroscope; picture-in-picture\" allowfullscreen><\/iframe>\n<\/div><figcaption><a rel=\"noreferrer noopener\" href=\"https:\/\/www.acnur.org\/noticias\/historia\/2020\/9\/5f51394b4\/alumna-estrella-lucha-por-recuperarse-y-volver-a-brillar-como-la-chica.html\" target=\"_blank\">Emily, a young Venezuelan refugee in Ecuador, earned the highest grades in her class.<\/a><\/figcaption><\/figure>\n\n\n\n<figure class=\"wp-block-embed is-type-video is-provider-youtube wp-block-embed-youtube wp-embed-aspect-16-9 wp-has-aspect-ratio\"><div class=\"wp-block-embed__wrapper\">\n<iframe loading=\"lazy\" title=\"Ecuador: una noche en el museo\" width=\"920\" height=\"518\" src=\"https:\/\/www.youtube.com\/embed\/rzknUoQCq5I?feature=oembed\" frameborder=\"0\" allow=\"accelerometer; autoplay; clipboard-write; encrypted-media; gyroscope; picture-in-picture\" allowfullscreen><\/iframe>\n<\/div><\/figure>\n\n\n\n<figure class=\"wp-block-embed is-type-video is-provider-youtube wp-block-embed-youtube wp-embed-aspect-16-9 wp-has-aspect-ratio\"><div class=\"wp-block-embed__wrapper\">\n<iframe loading=\"lazy\" title=\"Programa en Ecuador ayuda a Refugiados a salir adelante\" width=\"920\" height=\"518\" src=\"https:\/\/www.youtube.com\/embed\/HhNZNfLIq6k?feature=oembed\" frameborder=\"0\" allow=\"accelerometer; autoplay; clipboard-write; encrypted-media; gyroscope; picture-in-picture\" allowfullscreen><\/iframe>\n<\/div><\/figure>\n","protected":false},"excerpt":{"rendered":"<p>Since 2019, I have worked as a videography consultant for the Ecuador office of the United Nations High Commissioner for Refugees (UNHCR). During these years I have filmed the activities,<\/p>\n<p class=\"more-link\"><a href=\"https:\/\/ramiroaguilarvillamarin.com\/en\/video\/acnur-unhcr-ecuador\/\" class=\"readmore\">Continue reading&#8230;<span class=\"screen-reader-text\">UNHCR Ecuador (2019-2021)<\/span><\/a><\/p>\n","protected":false},"author":2,"featured_media":913,"parent":268,"menu_order":1,"comment_status":"closed","ping_status":"closed","template":"","meta":{"nf_dc_page":"","_monsterinsights_skip_tracking":false,"_monsterinsights_sitenote_active":false,"_monsterinsights_sitenote_note":"","_monsterinsights_sitenote_category":0,"footnotes":""},"class_list":["post-300","page","type-page","status-publish","has-post-thumbnail","hentry"],"_links":{"self":[{"href":"https:\/\/ramiroaguilarvillamarin.com\/en\/wp-json\/wp\/v2\/pages\/300","targetHints":{"allow":["GET"]}}],"collection":[{"href":"https:\/\/ramiroaguilarvillamarin.com\/en\/wp-json\/wp\/v2\/pages"}],"about":[{"href":"https:\/\/ramiroaguilarvillamarin.com\/en\/wp-json\/wp\/v2\/types\/page"}],"author":[{"embeddable":true,"href":"https:\/\/ramiroaguilarvillamarin.com\/en\/wp-json\/wp\/v2\/users\/2"}],"replies":[{"embeddable":true,"href":"https:\/\/ramiroaguilarvillamarin.com\/en\/wp-json\/wp\/v2\/comments?post=300"}],"version-history":[{"count":5,"href":"https:\/\/ramiroaguilarvillamarin.com\/en\/wp-json\/wp\/v2\/pages\/300\/revisions"}],"predecessor-version":[{"id":1457,"href":"https:\/\/ramiroaguilarvillamarin.com\/en\/wp-json\/wp\/v2\/pages\/300\/revisions\/1457"}],"up":[{"embeddable":true,"href":"https:\/\/ramiroaguilarvillamarin.com\/en\/wp-json\/wp\/v2\/pages\/268"}],"wp:featuredmedia":[{"embeddable":true,"href":"https:\/\/ramiroaguilarvillamarin.com\/en\/wp-json\/wp\/v2\/media\/913"}],"wp:attachment":[{"href":"https:\/\/ramiroaguilarvillamarin.com\/en\/wp-json\/wp\/v2\/media?parent=300"}],"curies":[{"name":"wp","href":"https:\/\/api.w.org\/{rel}","templated":true}]}}